{"id":550,"date":"2023-05-06T14:38:24","date_gmt":"2023-05-06T12:38:24","guid":{"rendered":"https:\/\/feuerwehr-nieder-bessingen.de\/?page_id=550"},"modified":"2023-05-26T22:51:43","modified_gmt":"2023-05-26T20:51:43","slug":"ausruestung","status":"publish","type":"page","link":"https:\/\/feuerwehr-nieder-bessingen.de\/?page_id=550","title":{"rendered":"Ausr\u00fcstung"},"content":{"rendered":"\n<p><strong>Schlauchanh\u00e4nger mit 2x 200 Meter B- Schlauchhaspel <\/strong><\/p>\n\n\n\n<figure class=\"wp-block-image size-large is-resized\"><a href=\"https:\/\/feuerwehr-nieder-bessingen.de\/wp-content\/uploads\/2023\/05\/20230507_0953131-1.jpg\"><img loading=\"lazy\" decoding=\"async\" src=\"https:\/\/feuerwehr-nieder-bessingen.de\/wp-content\/uploads\/2023\/05\/20230507_0953131-1-797x1024.jpg\" alt=\"\" class=\"wp-image-572\" width=\"337\" height=\"433\" srcset=\"https:\/\/feuerwehr-nieder-bessingen.de\/wp-content\/uploads\/2023\/05\/20230507_0953131-1-797x1024.jpg 797w, https:\/\/feuerwehr-nieder-bessingen.de\/wp-content\/uploads\/2023\/05\/20230507_0953131-1-234x300.jpg 234w, https:\/\/feuerwehr-nieder-bessingen.de\/wp-content\/uploads\/2023\/05\/20230507_0953131-1-768x987.jpg 768w, https:\/\/feuerwehr-nieder-bessingen.de\/wp-content\/uploads\/2023\/05\/20230507_0953131-1.jpg 1145w\" sizes=\"auto, (max-width: 337px) 100vw, 337px\" \/><\/a><\/figure>\n\n\n\n<p><strong>Anh\u00e4nger<\/strong><\/p>\n\n\n\n<figure class=\"wp-block-image size-large is-resized\"><a href=\"https:\/\/feuerwehr-nieder-bessingen.de\/wp-content\/uploads\/2023\/05\/20230507_0951071-3.jpg\"><img loading=\"lazy\" decoding=\"async\" src=\"https:\/\/feuerwehr-nieder-bessingen.de\/wp-content\/uploads\/2023\/05\/20230507_0951071-3-1024x936.jpg\" alt=\"\" class=\"wp-image-586\" width=\"336\" height=\"306\"\/><\/a><\/figure>\n\n\n\n<p><strong>Schlauchboot<\/strong><\/p>\n\n\n\n<figure class=\"wp-block-gallery has-nested-images columns-default is-cropped wp-block-gallery-1 is-layout-flex wp-block-gallery-is-layout-flex\">\n<figure class=\"wp-block-image size-large\"><img loading=\"lazy\" decoding=\"async\" width=\"1024\" height=\"559\" data-id=\"672\" src=\"https:\/\/feuerwehr-nieder-bessingen.de\/wp-content\/uploads\/2023\/05\/20230507_1111471-1024x559.jpg\" alt=\"\" class=\"wp-image-672\" srcset=\"https:\/\/feuerwehr-nieder-bessingen.de\/wp-content\/uploads\/2023\/05\/20230507_1111471-1024x559.jpg 1024w, https:\/\/feuerwehr-nieder-bessingen.de\/wp-content\/uploads\/2023\/05\/20230507_1111471-300x164.jpg 300w, https:\/\/feuerwehr-nieder-bessingen.de\/wp-content\/uploads\/2023\/05\/20230507_1111471-768x419.jpg 768w, https:\/\/feuerwehr-nieder-bessingen.de\/wp-content\/uploads\/2023\/05\/20230507_1111471-1536x838.jpg 1536w, https:\/\/feuerwehr-nieder-bessingen.de\/wp-content\/uploads\/2023\/05\/20230507_1111471-2048x1117.jpg 2048w\" sizes=\"auto, (max-width: 1024px) 100vw, 1024px\" \/><\/figure>\n<\/figure>\n\n\n\n<div class=\"wp-block-media-text alignwide has-media-on-the-right is-stacked-on-mobile\"><div class=\"wp-block-media-text__content\">\n<p><\/p>\n\n\n\n<p class=\"has-text-align-left\"><strong>Sonstiges:<\/strong><\/p>\n\n\n\n<p>Tauchpumpe (TP\/4)<\/p>\n\n\n\n<p>Tauchpumpe (TP\/8)<\/p>\n\n\n\n<p>Chiemsee Pumpe<\/p>\n\n\n\n<p>Faltbeh\u00e4lter bis zu 5000 Liter <\/p>\n\n\n\n<p>Schwimmende \u00d6lsperre<\/p>\n\n\n\n<p>Sands\u00e4cke<\/p>\n\n\n\n<p>Nasssauger<\/p>\n<\/div><figure class=\"wp-block-media-text__media\"><\/figure><\/div>\n\n\n\n<figure class=\"wp-block-gallery has-nested-images columns-default is-cropped wp-block-gallery-2 is-layout-flex wp-block-gallery-is-layout-flex\"><\/figure>\n","protected":false},"excerpt":{"rendered":"<p>Schlauchanh\u00e4nger mit 2x 200 Meter B- Schlauchhaspel Anh\u00e4nger Schlauchboot Sonstiges: Tauchpumpe (TP\/4) Tauchpumpe (TP\/8) Chiemsee Pumpe Faltbeh\u00e4lter bis zu 5000 Liter Schwimmende \u00d6lsperre Sands\u00e4cke Nasssauger<\/p>\n","protected":false},"author":2,"featured_media":0,"parent":27,"menu_order":0,"comment_status":"closed","ping_status":"closed","template":"","meta":{"_mc_calendar":[],"footnotes":""},"class_list":["post-550","page","type-page","status-publish","hentry"],"_links":{"self":[{"href":"https:\/\/feuerwehr-nieder-bessingen.de\/index.php?rest_route=\/wp\/v2\/pages\/550","targetHints":{"allow":["GET"]}}],"collection":[{"href":"https:\/\/feuerwehr-nieder-bessingen.de\/index.php?rest_route=\/wp\/v2\/pages"}],"about":[{"href":"https:\/\/feuerwehr-nieder-bessingen.de\/index.php?rest_route=\/wp\/v2\/types\/page"}],"author":[{"embeddable":true,"href":"https:\/\/feuerwehr-nieder-bessingen.de\/index.php?rest_route=\/wp\/v2\/users\/2"}],"replies":[{"embeddable":true,"href":"https:\/\/feuerwehr-nieder-bessingen.de\/index.php?rest_route=%2Fwp%2Fv2%2Fcomments&post=550"}],"version-history":[{"count":7,"href":"https:\/\/feuerwehr-nieder-bessingen.de\/index.php?rest_route=\/wp\/v2\/pages\/550\/revisions"}],"predecessor-version":[{"id":675,"href":"https:\/\/feuerwehr-nieder-bessingen.de\/index.php?rest_route=\/wp\/v2\/pages\/550\/revisions\/675"}],"up":[{"embeddable":true,"href":"https:\/\/feuerwehr-nieder-bessingen.de\/index.php?rest_route=\/wp\/v2\/pages\/27"}],"wp:attachment":[{"href":"https:\/\/feuerwehr-nieder-bessingen.de\/index.php?rest_route=%2Fwp%2Fv2%2Fmedia&parent=550"}],"curies":[{"name":"wp","href":"https:\/\/api.w.org\/{rel}","templated":true}]}}