{"id":496,"date":"2023-05-05T19:56:46","date_gmt":"2023-05-05T17:56:46","guid":{"rendered":"https:\/\/feuerwehr-nieder-bessingen.de\/?page_id=496"},"modified":"2023-10-29T15:32:32","modified_gmt":"2023-10-29T14:32:32","slug":"bilder-2","status":"publish","type":"page","link":"https:\/\/feuerwehr-nieder-bessingen.de\/?page_id=496","title":{"rendered":"Bilder"},"content":{"rendered":"\n<p>Klicken Sie ein Bild an um es zu vergr\u00f6\u00dfern<\/p>\n\n\n\n<figure class=\"wp-block-gallery has-nested-images columns-default is-cropped wp-block-gallery-1 is-layout-flex wp-block-gallery-is-layout-flex\">\n<figure class=\"wp-block-image size-large\"><a href=\"https:\/\/feuerwehr-nieder-bessingen.de\/wp-content\/uploads\/2023\/05\/20230507_1134061.jpg\"><img loading=\"lazy\" decoding=\"async\" width=\"1024\" height=\"565\" data-id=\"590\" src=\"https:\/\/feuerwehr-nieder-bessingen.de\/wp-content\/uploads\/2023\/05\/20230507_1134061-1024x565.jpg\" alt=\"\" class=\"wp-image-590\" srcset=\"https:\/\/feuerwehr-nieder-bessingen.de\/wp-content\/uploads\/2023\/05\/20230507_1134061-1024x565.jpg 1024w, https:\/\/feuerwehr-nieder-bessingen.de\/wp-content\/uploads\/2023\/05\/20230507_1134061-300x166.jpg 300w, https:\/\/feuerwehr-nieder-bessingen.de\/wp-content\/uploads\/2023\/05\/20230507_1134061-768x424.jpg 768w, https:\/\/feuerwehr-nieder-bessingen.de\/wp-content\/uploads\/2023\/05\/20230507_1134061-1536x848.jpg 1536w, https:\/\/feuerwehr-nieder-bessingen.de\/wp-content\/uploads\/2023\/05\/20230507_1134061-2048x1131.jpg 2048w\" sizes=\"auto, (max-width: 1024px) 100vw, 1024px\" \/><\/a><\/figure>\n\n\n\n<figure class=\"wp-block-image size-large\"><a href=\"https:\/\/feuerwehr-nieder-bessingen.de\/wp-content\/uploads\/2023\/05\/20230507_1134011.jpg\"><img loading=\"lazy\" decoding=\"async\" width=\"1024\" height=\"767\" data-id=\"591\" src=\"https:\/\/feuerwehr-nieder-bessingen.de\/wp-content\/uploads\/2023\/05\/20230507_1134011-1024x767.jpg\" alt=\"\" class=\"wp-image-591\" srcset=\"https:\/\/feuerwehr-nieder-bessingen.de\/wp-content\/uploads\/2023\/05\/20230507_1134011-1024x767.jpg 1024w, https:\/\/feuerwehr-nieder-bessingen.de\/wp-content\/uploads\/2023\/05\/20230507_1134011-300x225.jpg 300w, https:\/\/feuerwehr-nieder-bessingen.de\/wp-content\/uploads\/2023\/05\/20230507_1134011-768x576.jpg 768w, https:\/\/feuerwehr-nieder-bessingen.de\/wp-content\/uploads\/2023\/05\/20230507_1134011-1536x1151.jpg 1536w, https:\/\/feuerwehr-nieder-bessingen.de\/wp-content\/uploads\/2023\/05\/20230507_1134011-2048x1535.jpg 2048w\" sizes=\"auto, (max-width: 1024px) 100vw, 1024px\" \/><\/a><\/figure>\n\n\n\n<figure class=\"wp-block-image size-large\"><a href=\"https:\/\/feuerwehr-nieder-bessingen.de\/wp-content\/uploads\/2023\/05\/20230507_1133571-scaled.jpg\"><img loading=\"lazy\" decoding=\"async\" width=\"1024\" height=\"532\" data-id=\"592\" src=\"https:\/\/feuerwehr-nieder-bessingen.de\/wp-content\/uploads\/2023\/05\/20230507_1133571-1024x532.jpg\" alt=\"\" class=\"wp-image-592\" srcset=\"https:\/\/feuerwehr-nieder-bessingen.de\/wp-content\/uploads\/2023\/05\/20230507_1133571-1024x532.jpg 1024w, https:\/\/feuerwehr-nieder-bessingen.de\/wp-content\/uploads\/2023\/05\/20230507_1133571-300x156.jpg 300w, https:\/\/feuerwehr-nieder-bessingen.de\/wp-content\/uploads\/2023\/05\/20230507_1133571-768x399.jpg 768w, https:\/\/feuerwehr-nieder-bessingen.de\/wp-content\/uploads\/2023\/05\/20230507_1133571-1536x798.jpg 1536w, https:\/\/feuerwehr-nieder-bessingen.de\/wp-content\/uploads\/2023\/05\/20230507_1133571-2048x1064.jpg 2048w\" sizes=\"auto, (max-width: 1024px) 100vw, 1024px\" \/><\/a><\/figure>\n\n\n\n<figure class=\"wp-block-image size-large\"><a href=\"https:\/\/feuerwehr-nieder-bessingen.de\/wp-content\/uploads\/2023\/05\/20230507_1133521.jpg\"><img loading=\"lazy\" decoding=\"async\" width=\"937\" height=\"1024\" data-id=\"593\" src=\"https:\/\/feuerwehr-nieder-bessingen.de\/wp-content\/uploads\/2023\/05\/20230507_1133521-937x1024.jpg\" alt=\"\" class=\"wp-image-593\" srcset=\"https:\/\/feuerwehr-nieder-bessingen.de\/wp-content\/uploads\/2023\/05\/20230507_1133521-937x1024.jpg 937w, https:\/\/feuerwehr-nieder-bessingen.de\/wp-content\/uploads\/2023\/05\/20230507_1133521-275x300.jpg 275w, https:\/\/feuerwehr-nieder-bessingen.de\/wp-content\/uploads\/2023\/05\/20230507_1133521-768x839.jpg 768w, https:\/\/feuerwehr-nieder-bessingen.de\/wp-content\/uploads\/2023\/05\/20230507_1133521-1406x1536.jpg 1406w, https:\/\/feuerwehr-nieder-bessingen.de\/wp-content\/uploads\/2023\/05\/20230507_1133521.jpg 1800w\" sizes=\"auto, (max-width: 937px) 100vw, 937px\" \/><\/a><\/figure>\n\n\n\n<figure class=\"wp-block-image size-large\"><a href=\"https:\/\/feuerwehr-nieder-bessingen.de\/wp-content\/uploads\/2023\/05\/20230507_1133491.jpg\"><img loading=\"lazy\" decoding=\"async\" width=\"1024\" height=\"548\" data-id=\"594\" src=\"https:\/\/feuerwehr-nieder-bessingen.de\/wp-content\/uploads\/2023\/05\/20230507_1133491-1024x548.jpg\" alt=\"\" class=\"wp-image-594\" srcset=\"https:\/\/feuerwehr-nieder-bessingen.de\/wp-content\/uploads\/2023\/05\/20230507_1133491-1024x548.jpg 1024w, https:\/\/feuerwehr-nieder-bessingen.de\/wp-content\/uploads\/2023\/05\/20230507_1133491-300x161.jpg 300w, https:\/\/feuerwehr-nieder-bessingen.de\/wp-content\/uploads\/2023\/05\/20230507_1133491-768x411.jpg 768w, https:\/\/feuerwehr-nieder-bessingen.de\/wp-content\/uploads\/2023\/05\/20230507_1133491-1536x823.jpg 1536w, https:\/\/feuerwehr-nieder-bessingen.de\/wp-content\/uploads\/2023\/05\/20230507_1133491.jpg 1800w\" sizes=\"auto, (max-width: 1024px) 100vw, 1024px\" \/><\/a><\/figure>\n<\/figure>\n\n\n\n<h2 class=\"wp-block-heading\">Boot Ausbildung 06.08.2023<\/h2>\n\n\n\n<figure class=\"wp-block-image size-large is-resized\"><img loading=\"lazy\" decoding=\"async\" src=\"https:\/\/feuerwehr-nieder-bessingen.de\/wp-content\/uploads\/2023\/08\/IMG-20230806-WA00001-1024x461.jpg\" alt=\"\" class=\"wp-image-721\" style=\"width:840px;height:378px\" width=\"840\" height=\"378\" srcset=\"https:\/\/feuerwehr-nieder-bessingen.de\/wp-content\/uploads\/2023\/08\/IMG-20230806-WA00001-1024x461.jpg 1024w, https:\/\/feuerwehr-nieder-bessingen.de\/wp-content\/uploads\/2023\/08\/IMG-20230806-WA00001-300x135.jpg 300w, https:\/\/feuerwehr-nieder-bessingen.de\/wp-content\/uploads\/2023\/08\/IMG-20230806-WA00001-768x346.jpg 768w, https:\/\/feuerwehr-nieder-bessingen.de\/wp-content\/uploads\/2023\/08\/IMG-20230806-WA00001-1536x691.jpg 1536w, https:\/\/feuerwehr-nieder-bessingen.de\/wp-content\/uploads\/2023\/08\/IMG-20230806-WA00001.jpg 2000w\" sizes=\"auto, (max-width: 840px) 100vw, 840px\" \/><\/figure>\n\n\n<div class=\"wp-block-image\">\n<figure class=\"alignright size-large is-resized\"><img loading=\"lazy\" decoding=\"async\" src=\"https:\/\/feuerwehr-nieder-bessingen.de\/wp-content\/uploads\/2023\/08\/IMG-20230806-WA00141-1024x461.jpg\" alt=\"\" class=\"wp-image-724\" style=\"width:358px;height:161px\" width=\"358\" height=\"161\" srcset=\"https:\/\/feuerwehr-nieder-bessingen.de\/wp-content\/uploads\/2023\/08\/IMG-20230806-WA00141-1024x461.jpg 1024w, https:\/\/feuerwehr-nieder-bessingen.de\/wp-content\/uploads\/2023\/08\/IMG-20230806-WA00141-300x135.jpg 300w, https:\/\/feuerwehr-nieder-bessingen.de\/wp-content\/uploads\/2023\/08\/IMG-20230806-WA00141-768x346.jpg 768w, https:\/\/feuerwehr-nieder-bessingen.de\/wp-content\/uploads\/2023\/08\/IMG-20230806-WA00141-1536x691.jpg 1536w, https:\/\/feuerwehr-nieder-bessingen.de\/wp-content\/uploads\/2023\/08\/IMG-20230806-WA00141.jpg 2000w\" sizes=\"auto, (max-width: 358px) 100vw, 358px\" \/><\/figure>\n<\/div>\n\n\n<figure class=\"wp-block-image size-full is-resized\"><img loading=\"lazy\" decoding=\"async\" src=\"https:\/\/feuerwehr-nieder-bessingen.de\/wp-content\/uploads\/2023\/08\/IMG-20230806-WA00121.jpg\" alt=\"\" class=\"wp-image-725\" style=\"width:350px;height:158px\" width=\"350\" height=\"158\"\/><\/figure>\n\n\n\n<figure class=\"wp-block-gallery alignright has-nested-images columns-default is-cropped wp-block-gallery-2 is-layout-flex wp-block-gallery-is-layout-flex\">\n<figure class=\"wp-block-image size-large\"><img loading=\"lazy\" decoding=\"async\" width=\"1024\" height=\"461\" data-id=\"731\" src=\"https:\/\/feuerwehr-nieder-bessingen.de\/wp-content\/uploads\/2023\/08\/IMG-20230806-WA00011-1-1024x461.jpg\" alt=\"\" class=\"wp-image-731\" srcset=\"https:\/\/feuerwehr-nieder-bessingen.de\/wp-content\/uploads\/2023\/08\/IMG-20230806-WA00011-1-1024x461.jpg 1024w, https:\/\/feuerwehr-nieder-bessingen.de\/wp-content\/uploads\/2023\/08\/IMG-20230806-WA00011-1-300x135.jpg 300w, https:\/\/feuerwehr-nieder-bessingen.de\/wp-content\/uploads\/2023\/08\/IMG-20230806-WA00011-1-768x346.jpg 768w, https:\/\/feuerwehr-nieder-bessingen.de\/wp-content\/uploads\/2023\/08\/IMG-20230806-WA00011-1-1536x691.jpg 1536w, https:\/\/feuerwehr-nieder-bessingen.de\/wp-content\/uploads\/2023\/08\/IMG-20230806-WA00011-1.jpg 2000w\" sizes=\"auto, (max-width: 1024px) 100vw, 1024px\" \/><\/figure>\n<\/figure>\n\n\n\n<figure class=\"wp-block-image size-full is-resized\"><img loading=\"lazy\" decoding=\"async\" src=\"https:\/\/feuerwehr-nieder-bessingen.de\/wp-content\/uploads\/2023\/08\/IMG-20230806-WA00091.jpg\" alt=\"\" class=\"wp-image-727\" style=\"width:380px;height:171px\" width=\"380\" height=\"171\"\/><\/figure>\n\n\n\n<h2 class=\"wp-block-heading\">Abschlu\u00df\u00fcbung auf dem Sonnenhof 28.10.2023<\/h2>\n\n\n\n<div class=\"wp-block-group\"><div class=\"wp-block-group__inner-container is-layout-constrained wp-block-group-is-layout-constrained\">\n<figure class=\"wp-block-gallery has-nested-images columns-default is-cropped wp-block-gallery-3 is-layout-flex wp-block-gallery-is-layout-flex\">\n<figure class=\"wp-block-image size-large\"><img loading=\"lazy\" decoding=\"async\" width=\"1024\" height=\"461\" data-id=\"739\" src=\"https:\/\/feuerwehr-nieder-bessingen.de\/wp-content\/uploads\/2023\/10\/IMG-20231028-WA0004-1024x461.jpg\" alt=\"\" class=\"wp-image-739\" srcset=\"https:\/\/feuerwehr-nieder-bessingen.de\/wp-content\/uploads\/2023\/10\/IMG-20231028-WA0004-1024x461.jpg 1024w, https:\/\/feuerwehr-nieder-bessingen.de\/wp-content\/uploads\/2023\/10\/IMG-20231028-WA0004-300x135.jpg 300w, https:\/\/feuerwehr-nieder-bessingen.de\/wp-content\/uploads\/2023\/10\/IMG-20231028-WA0004-768x346.jpg 768w, https:\/\/feuerwehr-nieder-bessingen.de\/wp-content\/uploads\/2023\/10\/IMG-20231028-WA0004-1536x691.jpg 1536w, https:\/\/feuerwehr-nieder-bessingen.de\/wp-content\/uploads\/2023\/10\/IMG-20231028-WA0004.jpg 2000w\" sizes=\"auto, (max-width: 1024px) 100vw, 1024px\" \/><\/figure>\n<\/figure>\n\n\n\n<div class=\"wp-block-columns is-layout-flex wp-container-core-columns-is-layout-9d6595d7 wp-block-columns-is-layout-flex\">\n<div class=\"wp-block-column is-layout-flow wp-block-column-is-layout-flow\" style=\"flex-basis:100%\">\n<figure class=\"wp-block-gallery has-nested-images columns-default is-cropped wp-block-gallery-4 is-layout-flex wp-block-gallery-is-layout-flex\">\n<figure class=\"wp-block-image size-large\"><img loading=\"lazy\" decoding=\"async\" width=\"1024\" height=\"461\" data-id=\"740\" src=\"https:\/\/feuerwehr-nieder-bessingen.de\/wp-content\/uploads\/2023\/10\/IMG-20231028-WA0045-1024x461.jpg\" alt=\"\" class=\"wp-image-740\" srcset=\"https:\/\/feuerwehr-nieder-bessingen.de\/wp-content\/uploads\/2023\/10\/IMG-20231028-WA0045-1024x461.jpg 1024w, https:\/\/feuerwehr-nieder-bessingen.de\/wp-content\/uploads\/2023\/10\/IMG-20231028-WA0045-300x135.jpg 300w, https:\/\/feuerwehr-nieder-bessingen.de\/wp-content\/uploads\/2023\/10\/IMG-20231028-WA0045-768x346.jpg 768w, https:\/\/feuerwehr-nieder-bessingen.de\/wp-content\/uploads\/2023\/10\/IMG-20231028-WA0045-1536x691.jpg 1536w, https:\/\/feuerwehr-nieder-bessingen.de\/wp-content\/uploads\/2023\/10\/IMG-20231028-WA0045.jpg 2000w\" sizes=\"auto, (max-width: 1024px) 100vw, 1024px\" \/><\/figure>\n<\/figure>\n<\/div>\n<\/div>\n<\/div><\/div>\n\n\n\n<figure class=\"wp-block-image size-large is-resized\"><img loading=\"lazy\" decoding=\"async\" src=\"https:\/\/feuerwehr-nieder-bessingen.de\/wp-content\/uploads\/2023\/10\/20231028_154506-461x1024.jpg\" alt=\"\" class=\"wp-image-741\" style=\"width:177px;height:395px\" width=\"177\" height=\"395\"\/><\/figure>\n\n\n\n<figure class=\"wp-block-gallery has-nested-images columns-default is-cropped wp-block-gallery-5 is-layout-flex wp-block-gallery-is-layout-flex\"><\/figure>\n","protected":false},"excerpt":{"rendered":"<p>Klicken Sie ein Bild an um es zu vergr\u00f6\u00dfern Boot Ausbildung 06.08.2023 Abschlu\u00df\u00fcbung auf dem Sonnenhof 28.10.2023<\/p>\n","protected":false},"author":2,"featured_media":0,"parent":27,"menu_order":0,"comment_status":"closed","ping_status":"closed","template":"","meta":{"_mc_calendar":[],"footnotes":""},"class_list":["post-496","page","type-page","status-publish","hentry"],"_links":{"self":[{"href":"https:\/\/feuerwehr-nieder-bessingen.de\/index.php?rest_route=\/wp\/v2\/pages\/496","targetHints":{"allow":["GET"]}}],"collection":[{"href":"https:\/\/feuerwehr-nieder-bessingen.de\/index.php?rest_route=\/wp\/v2\/pages"}],"about":[{"href":"https:\/\/feuerwehr-nieder-bessingen.de\/index.php?rest_route=\/wp\/v2\/types\/page"}],"author":[{"embeddable":true,"href":"https:\/\/feuerwehr-nieder-bessingen.de\/index.php?rest_route=\/wp\/v2\/users\/2"}],"replies":[{"embeddable":true,"href":"https:\/\/feuerwehr-nieder-bessingen.de\/index.php?rest_route=%2Fwp%2Fv2%2Fcomments&post=496"}],"version-history":[{"count":9,"href":"https:\/\/feuerwehr-nieder-bessingen.de\/index.php?rest_route=\/wp\/v2\/pages\/496\/revisions"}],"predecessor-version":[{"id":744,"href":"https:\/\/feuerwehr-nieder-bessingen.de\/index.php?rest_route=\/wp\/v2\/pages\/496\/revisions\/744"}],"up":[{"embeddable":true,"href":"https:\/\/feuerwehr-nieder-bessingen.de\/index.php?rest_route=\/wp\/v2\/pages\/27"}],"wp:attachment":[{"href":"https:\/\/feuerwehr-nieder-bessingen.de\/index.php?rest_route=%2Fwp%2Fv2%2Fmedia&parent=496"}],"curies":[{"name":"wp","href":"https:\/\/api.w.org\/{rel}","templated":true}]}}