{"id":438,"date":"2023-05-04T15:22:01","date_gmt":"2023-05-04T13:22:01","guid":{"rendered":"https:\/\/feuerwehr-nieder-bessingen.de\/?page_id=438"},"modified":"2023-05-14T23:14:36","modified_gmt":"2023-05-14T21:14:36","slug":"foerderverein","status":"publish","type":"page","link":"https:\/\/feuerwehr-nieder-bessingen.de\/?page_id=438","title":{"rendered":"F\u00f6rderverein"},"content":{"rendered":"\n<p>Die Feuerwehr Nieder-Bessingen besteht derzeit aus 176 passiven Mitgliedern im Feuerwehrverein,18 aktiven Mitgliedern in der Einsatzabteilung sowie 12 Kindern und Jugendlichen in der Jugendfeuerwehr. Ebenfalls geh\u00f6rt dazu die Alters- und Ehrenabteilung f\u00fcr die ehemaligen Aktiven die nicht mehr am Einsatzdienst teilnehmen k\u00f6nnen. Im Januar 2011 wurde eine Minifeuerwehr mit sieben Gr\u00fcndungsmitgliedern ins Leben gerufen,<\/p>\n\n\n\n<p>Seit 1897 stellt die Feuerwehr im Licher Stadtteil Nieder-Besingen den Brandschutz sicher. Mittlerweile sind es aber viel mehr Eins\u00e4tze im Bereich der technischen Hilfeleistung, im Umweltschutz oder anderen Bereichen. An 365 Tagen im Jahr, an 24 Stunden am Tag sind wir ehrenamtlich &#8222;dem N\u00e4chsten zur Wehr&#8220;.<\/p>\n\n\n\n<p><\/p>\n\n\n\n<p>Der Verein wird vom 1. Vorsitzenden Ralf Hablowitz und der 2. Vorsitzenden Laura Volk sowie den weiteren Vorstandmitgliedern gef\u00fchrt.<\/p>\n\n\n\n<p>Die Einsatzabteilung leitet Wehrf\u00fchrer Markus Kerscher mit seinem Stellvertreter J\u00f6rg Keil.<\/p>\n\n\n\n<p>Laura Volk leitet die Jugendfeuerwehr mit ihrem Stell Markus Kerscher. Diese ist im ganzen Bundesgebiet als eine der erfolgreichsten Jugendfeuerwehren bekannt. Highlight dabei sicherlich der Gewinn der Deutschen Meisterschaft im Bundeswettbewerb im Jahr 2005. Sechs Landesmeistertitel sowie weitere acht Medaillen bei Hessenmeisterschaften und 29 Kreismeistertitel sprechen eine deutliche Sprache, mit welchem Engagement die Jugendarbeit in unserem Ort verfolgt wird.Seit 2007 verf\u00fcgt die Wehr \u00fcber eine Wettbewerbsgruppe welche an nationalen und internationalen Wettbewerben teilnimmt. Dieser Gruppe geh\u00f6ren 22 Aktive an welche sich jeden Donnerstagabend trifft um die Wettbewerbe nach CTIF (intern. Feuerwehrverband) zu \u00fcben. Als Trainer fungiert hier Thorsten Vekens.<\/p>\n\n\n\n<p>Der Einsatzabteilung in Nieder-Bessingen stehen zwei Fahrzeuge zur Verf\u00fcgung &#8211; ein L\u00f6schgruppenfahrzeug 8\/6 (LF 8\/6) und ein Mannschaftstransportwagen (MTW).<\/p>\n\n\n\n<p>Neben den zahlreichen \u00dcbungseinheiten auf Standortebene nehmen die Aktiven auch an vielen Aus- und Fortbildungen auf Kreisebene oder an einer der beiden Hessischen Landesfeuerwehrschulen teil. Dies geschieht alles ehrenamtlich und in ihrer Freizeit!<\/p>\n","protected":false},"excerpt":{"rendered":"<p>Die Feuerwehr Nieder-Bessingen besteht derzeit aus 176 passiven Mitgliedern im Feuerwehrverein,18 aktiven Mitgliedern in der Einsatzabteilung sowie 12 Kindern und Jugendlichen in der Jugendfeuerwehr. Ebenfalls geh\u00f6rt dazu die Alters- und Ehrenabteilung f\u00fcr die ehemaligen Aktiven die nicht mehr am Einsatzdienst&#8230; <a href=\"https:\/\/feuerwehr-nieder-bessingen.de\/?page_id=438\" class=\"readmore\">Mehr<span class=\"screen-reader-text\">F\u00f6rderverein<\/span><span class=\"fa fa-angle-double-right\" aria-hidden=\"true\"><\/span><\/a><\/p>\n","protected":false},"author":1,"featured_media":0,"parent":0,"menu_order":0,"comment_status":"closed","ping_status":"closed","template":"","meta":{"_mc_calendar":[],"footnotes":""},"class_list":["post-438","page","type-page","status-publish","hentry"],"_links":{"self":[{"href":"https:\/\/feuerwehr-nieder-bessingen.de\/index.php?rest_route=\/wp\/v2\/pages\/438","targetHints":{"allow":["GET"]}}],"collection":[{"href":"https:\/\/feuerwehr-nieder-bessingen.de\/index.php?rest_route=\/wp\/v2\/pages"}],"about":[{"href":"https:\/\/feuerwehr-nieder-bessingen.de\/index.php?rest_route=\/wp\/v2\/types\/page"}],"author":[{"embeddable":true,"href":"https:\/\/feuerwehr-nieder-bessingen.de\/index.php?rest_route=\/wp\/v2\/users\/1"}],"replies":[{"embeddable":true,"href":"https:\/\/feuerwehr-nieder-bessingen.de\/index.php?rest_route=%2Fwp%2Fv2%2Fcomments&post=438"}],"version-history":[{"count":1,"href":"https:\/\/feuerwehr-nieder-bessingen.de\/index.php?rest_route=\/wp\/v2\/pages\/438\/revisions"}],"predecessor-version":[{"id":439,"href":"https:\/\/feuerwehr-nieder-bessingen.de\/index.php?rest_route=\/wp\/v2\/pages\/438\/revisions\/439"}],"wp:attachment":[{"href":"https:\/\/feuerwehr-nieder-bessingen.de\/index.php?rest_route=%2Fwp%2Fv2%2Fmedia&parent=438"}],"curies":[{"name":"wp","href":"https:\/\/api.w.org\/{rel}","templated":true}]}}