{"id":404,"date":"2023-05-04T10:57:56","date_gmt":"2023-05-04T08:57:56","guid":{"rendered":"https:\/\/feuerwehr-nieder-bessingen.de\/?page_id=404"},"modified":"2023-11-27T19:23:32","modified_gmt":"2023-11-27T18:23:32","slug":"aktuelles","status":"publish","type":"page","link":"https:\/\/feuerwehr-nieder-bessingen.de\/?page_id=404","title":{"rendered":"Aktuelles"},"content":{"rendered":"\n<h2 class=\"wp-block-heading\">Zwei neue Einsatzkr\u00e4fte<\/h2>\n\n\n\n<p><\/p>\n\n\n\n<p>+++ Ausbildung +++<\/p>\n\n\n\n<p> Stefanie Schagarov und Kim Kerscher nahmen in der Zeit vom 30.10. bis 19.11.2023 an einem Grundausbildungslehrgang teil, welchen sie mit einer theoretischen und praktischen Pr\u00fcfung erfolgreich abschlie\u00dfen konnten.<\/p>\n\n\n\n<p><a><\/a>Vielen Dank f\u00fcr Euer Engagement!<\/p>\n\n\n\n<h2 class=\"wp-block-heading\"><\/h2>\n\n\n<ul class=\"wp-block-latest-posts__list has-dates wp-block-latest-posts\"><li><a class=\"wp-block-latest-posts__post-title\" href=\"https:\/\/feuerwehr-nieder-bessingen.de\/?p=815\">Peters erster Beitrag f\u00fcr die Feuerwehr<\/a><time datetime=\"2024-10-02T22:15:46+02:00\" class=\"wp-block-latest-posts__post-date\">02.10.2024<\/time><div class=\"wp-block-latest-posts__post-excerpt\">Ja, auch ich m\u00f6chte mal einen Beitrag f\u00fcr die freiwillige Feuerwehr Nieder-Bessingen schreiben um zu zeigen wie einfach das doch ist. Einfach einen Titel eingeben, danach folgt dann der Text. Hinter diesen dann setzen wir ein Bild, also hier. Nun&#8230; <a href=\"https:\/\/feuerwehr-nieder-bessingen.de\/?p=815\" class=\"readmore\">Mehr<span class=\"screen-reader-text\">Peters erster Beitrag f\u00fcr die Feuerwehr<\/span><span class=\"fa fa-angle-double-right\" aria-hidden=\"true\"><\/span><\/a><\/div><\/li>\n<li><a class=\"wp-block-latest-posts__post-title\" href=\"https:\/\/feuerwehr-nieder-bessingen.de\/?p=807\">Die neue Webseite ist online<\/a><time datetime=\"2024-10-01T22:05:04+02:00\" class=\"wp-block-latest-posts__post-date\">01.10.2024<\/time><div class=\"wp-block-latest-posts__post-excerpt\">Liebe Freunde der Nieder-Bessinger Feuerwehr,ab sofort ist der neu gestaltete Internetauftritt der freiwilligen Feuerwehr Nieder-Bessingen online. Nach einer nun doch l\u00e4ngeren Vorbereitungsphase ist es nun geschafft. Neu gestaltet wurden die jeweiligen Einzelbereiche Einsatzabteilung, Wettkampfgruppe, Jugendfeuerwehr und F\u00f6rderverein. Noch fehlen hier&#8230; <a href=\"https:\/\/feuerwehr-nieder-bessingen.de\/?p=807\" class=\"readmore\">Mehr<span class=\"screen-reader-text\">Die neue Webseite ist online<\/span><span class=\"fa fa-angle-double-right\" aria-hidden=\"true\"><\/span><\/a><\/div><\/li>\n<li><a class=\"wp-block-latest-posts__post-title\" href=\"https:\/\/feuerwehr-nieder-bessingen.de\/?p=623\">Jugendfeuerwehr holt zum 4ten mal in Folge den Licher Stadtpokal<\/a><time datetime=\"2023-05-13T20:39:00+02:00\" class=\"wp-block-latest-posts__post-date\">13.05.2023<\/time><div class=\"wp-block-latest-posts__post-excerpt\">Beim heutigen Stadtpokal haben alle Mannschaften gezeigt was Sie k\u00f6nnen. Beim ersten Stadtpokal nach Corona, der wieder normal abgelaufen ist, haben alle ein super Ergebnis abgeliefert. Bei Fragebogen und dem Wettkampf mit seinem A und B Teil sowie der Schlauchstaffette&#8230; <a href=\"https:\/\/feuerwehr-nieder-bessingen.de\/?p=623\" class=\"readmore\">Mehr<span class=\"screen-reader-text\">Jugendfeuerwehr holt zum 4ten mal in Folge den Licher Stadtpokal<\/span><span class=\"fa fa-angle-double-right\" aria-hidden=\"true\"><\/span><\/a><\/div><\/li>\n<\/ul>","protected":false},"excerpt":{"rendered":"<p>Zwei neue Einsatzkr\u00e4fte +++ Ausbildung +++ Stefanie Schagarov und Kim Kerscher nahmen in der Zeit vom 30.10. bis 19.11.2023 an einem Grundausbildungslehrgang teil, welchen sie mit einer theoretischen und praktischen Pr\u00fcfung erfolgreich abschlie\u00dfen konnten. Vielen Dank f\u00fcr Euer Engagement!<\/p>\n","protected":false},"author":1,"featured_media":0,"parent":0,"menu_order":0,"comment_status":"closed","ping_status":"closed","template":"","meta":{"_mc_calendar":[],"footnotes":""},"class_list":["post-404","page","type-page","status-publish","hentry"],"_links":{"self":[{"href":"https:\/\/feuerwehr-nieder-bessingen.de\/index.php?rest_route=\/wp\/v2\/pages\/404","targetHints":{"allow":["GET"]}}],"collection":[{"href":"https:\/\/feuerwehr-nieder-bessingen.de\/index.php?rest_route=\/wp\/v2\/pages"}],"about":[{"href":"https:\/\/feuerwehr-nieder-bessingen.de\/index.php?rest_route=\/wp\/v2\/types\/page"}],"author":[{"embeddable":true,"href":"https:\/\/feuerwehr-nieder-bessingen.de\/index.php?rest_route=\/wp\/v2\/users\/1"}],"replies":[{"embeddable":true,"href":"https:\/\/feuerwehr-nieder-bessingen.de\/index.php?rest_route=%2Fwp%2Fv2%2Fcomments&post=404"}],"version-history":[{"count":8,"href":"https:\/\/feuerwehr-nieder-bessingen.de\/index.php?rest_route=\/wp\/v2\/pages\/404\/revisions"}],"predecessor-version":[{"id":761,"href":"https:\/\/feuerwehr-nieder-bessingen.de\/index.php?rest_route=\/wp\/v2\/pages\/404\/revisions\/761"}],"wp:attachment":[{"href":"https:\/\/feuerwehr-nieder-bessingen.de\/index.php?rest_route=%2Fwp%2Fv2%2Fmedia&parent=404"}],"curies":[{"name":"wp","href":"https:\/\/api.w.org\/{rel}","templated":true}]}}