{"id":357,"date":"2023-05-03T14:36:53","date_gmt":"2023-05-03T12:36:53","guid":{"rendered":"https:\/\/feuerwehr-nieder-bessingen.de\/?page_id=357"},"modified":"2023-05-05T20:16:41","modified_gmt":"2023-05-05T18:16:41","slug":"jugendfeuerwehr","status":"publish","type":"page","link":"https:\/\/feuerwehr-nieder-bessingen.de\/?page_id=357","title":{"rendered":"Jugendfeuerwehr"},"content":{"rendered":"\n<h1 class=\"wp-block-heading\">JF-Allgemeines<\/h1>\n\n\n\n<p>Deutscher Meister * 6-facher Landesmeister * 30-facher Kreismeister<\/p>\n\n\n\n<p>Am 14.10.1971 wurde die Jugendfeuerwehr Nieder-Bessingen, auf Initiative des Ortsbrandmeisters Otto Balser gegr\u00fcndet. 16 Jugendliche aus dem kleinen Ort der Gemeinde Lich (Landreis Gie\u00dfen \/ Hessen) trafen sich unter der Leitung von Horst Riedmann und Rolf Hartmann.<\/p>\n\n\n\n<p>Seit dem kann jeder Jugendliche, der das zehnte Lebensjahr vollendet hat, Mitglied in der Jugendfeuerwehr Nieder-Bessingen werden. In der Jugendfeuerwehr werden die Kinder und Jugendlichen auf die aktive Mitarbeit in der Einsatzabteilung vorbereitet. Neben feuerwehrtechnischen Wissen, 24-Stunden-\u00dcbungen (Berufsfeuerwehrtag ) werden auch andere, soziale und Teamgeistf\u00f6rdernde Aktivit\u00e4ten wie Kegeln, Videoabende etc. angeboten.<\/p>\n\n\n\n<p>Im Jahre 1997 \u00fcbernahm Thorsten Vekens das Amt des Jugendwartes. Als begeisterter Teilnehmer bei Jugendfeuerwehrwettk\u00e4mpfen fragte er die Jugendlichen nach ihrer Meinung. Die Jugendlichen waren gewillt und trainierten f\u00fcr ihr Ziel&#8230; Als Vekens damals sagte &#8222;Wir werden Deutscher Meister&#8220; wurde er bel\u00e4chelt. Alles weitere sieht man unten&#8230;<\/p>\n\n\n\n<p>Die Jugendfeuerwehr Nieder-Bessingen nimmt dabei an Wettbewerben nach Richtlinien der deutschen Jugendfeuerwehren teil, dem so genannten Bundeswettbewerb aber auch an dem internationalen Wettbewerb nach Richlinien der CTIF.<\/p>\n\n\n\n<p>Seit 2006 wurde er dabei von Hartmut Sch\u00e4fer unterst\u00fctzt, der 2007 auch offiziell stellv. Jugendfeuerwehrwart wurde.<\/p>\n\n\n\n<p>Im Jahr 2010 \u00fcbernahm Markus Kerscher die Jugendabteilung. Unter ihm wurd wieder vermehrt auf die Ausbildung im Feuerwehrwesen und weniger auf Wettbewerbe hin gearbeitet. Vekens blieb als Fachgebietsleiter Wettbewerbe im Betreuerteam.<\/p>\n\n\n\n<p>Hartmut Sch\u00e4fer l\u00f6ste Markus Kerscher 2011 dann ab. Unterst\u00fctzt wurde er seit dem von Lena Kestawitz.<\/p>\n\n\n\n<p>Seit 2014 wird die Jugendfeuerwehr von Marc Kowal gef\u00fchrt, Unterst\u00fctzung erh\u00e4lt er von Markus Kerscher.<\/p>\n\n\n\n<p>2019 wurde die Jf Vieze Kreismeister <\/p>\n\n\n\n<p>2019 \u00dcbernahm Laura Volk das Amt des Jugendwartes und wird von Markus Kerscher unterst\u00fctzt. <\/p>\n\n\n\n<p>Am 03.10.2021 wurde bei der Abschluss\u00fcbung aller Jugendfeuerwehren der Stadt Lich auch das 50 Jubil\u00e4umsjahr gefeiert wo es auch Ehrungen gab.<\/p>\n\n\n\n<p>Heute z\u00e4hlt die Jugendfeuerwehr Nieder-Bessingen 12 aktive Kinder und Jugendliche. Sie treffen sich w\u00f6chentlich am Ger\u00e4tehaus der Feuerwehr um praktischen\/theoretischen Unterricht zu haben oder um in verschiedenen Mannschaften zu trainieren. Die genauen Termine sind hier zu finden:<\/p>\n\n\n\n<p><\/p>\n","protected":false},"excerpt":{"rendered":"<p>JF-Allgemeines Deutscher Meister * 6-facher Landesmeister * 30-facher Kreismeister Am 14.10.1971 wurde die Jugendfeuerwehr Nieder-Bessingen, auf Initiative des Ortsbrandmeisters Otto Balser gegr\u00fcndet. 16 Jugendliche aus dem kleinen Ort der Gemeinde Lich (Landreis Gie\u00dfen \/ Hessen) trafen sich unter der Leitung&#8230; <a href=\"https:\/\/feuerwehr-nieder-bessingen.de\/?page_id=357\" class=\"readmore\">Mehr<span class=\"screen-reader-text\">Jugendfeuerwehr<\/span><span class=\"fa fa-angle-double-right\" aria-hidden=\"true\"><\/span><\/a><\/p>\n","protected":false},"author":1,"featured_media":0,"parent":0,"menu_order":0,"comment_status":"closed","ping_status":"closed","template":"","meta":{"_mc_calendar":[],"footnotes":""},"class_list":["post-357","page","type-page","status-publish","hentry"],"_links":{"self":[{"href":"https:\/\/feuerwehr-nieder-bessingen.de\/index.php?rest_route=\/wp\/v2\/pages\/357","targetHints":{"allow":["GET"]}}],"collection":[{"href":"https:\/\/feuerwehr-nieder-bessingen.de\/index.php?rest_route=\/wp\/v2\/pages"}],"about":[{"href":"https:\/\/feuerwehr-nieder-bessingen.de\/index.php?rest_route=\/wp\/v2\/types\/page"}],"author":[{"embeddable":true,"href":"https:\/\/feuerwehr-nieder-bessingen.de\/index.php?rest_route=\/wp\/v2\/users\/1"}],"replies":[{"embeddable":true,"href":"https:\/\/feuerwehr-nieder-bessingen.de\/index.php?rest_route=%2Fwp%2Fv2%2Fcomments&post=357"}],"version-history":[{"count":2,"href":"https:\/\/feuerwehr-nieder-bessingen.de\/index.php?rest_route=\/wp\/v2\/pages\/357\/revisions"}],"predecessor-version":[{"id":514,"href":"https:\/\/feuerwehr-nieder-bessingen.de\/index.php?rest_route=\/wp\/v2\/pages\/357\/revisions\/514"}],"wp:attachment":[{"href":"https:\/\/feuerwehr-nieder-bessingen.de\/index.php?rest_route=%2Fwp%2Fv2%2Fmedia&parent=357"}],"curies":[{"name":"wp","href":"https:\/\/api.w.org\/{rel}","templated":true}]}}