{"id":30,"date":"2023-04-21T22:13:51","date_gmt":"2023-04-21T20:13:51","guid":{"rendered":"https:\/\/feuerwehr-nieder-bessingen.de\/?page_id=30"},"modified":"2026-05-03T11:26:10","modified_gmt":"2026-05-03T09:26:10","slug":"einsatzkraefte","status":"publish","type":"page","link":"https:\/\/feuerwehr-nieder-bessingen.de\/?page_id=30","title":{"rendered":"Einsatzkr\u00e4fte"},"content":{"rendered":"\n<div class=\"wp-block-columns is-layout-flex wp-container-core-columns-is-layout-9d6595d7 wp-block-columns-is-layout-flex\">\n<div class=\"wp-block-column is-layout-flow wp-block-column-is-layout-flow\"><div class=\"wp-block-image is-style-default\">\n<figure class=\"aligncenter size-full is-resized\"><img loading=\"lazy\" decoding=\"async\" width=\"1148\" height=\"2040\" src=\"https:\/\/feuerwehr-nieder-bessingen.de\/wp-content\/uploads\/2026\/02\/WhatsApp-Image-2026-02-06-at-21.19.45.jpeg\" alt=\"\" class=\"wp-image-856\" style=\"aspect-ratio:0.5627460109197105;width:160px;height:auto\" srcset=\"https:\/\/feuerwehr-nieder-bessingen.de\/wp-content\/uploads\/2026\/02\/WhatsApp-Image-2026-02-06-at-21.19.45.jpeg 1148w, https:\/\/feuerwehr-nieder-bessingen.de\/wp-content\/uploads\/2026\/02\/WhatsApp-Image-2026-02-06-at-21.19.45-169x300.jpeg 169w, https:\/\/feuerwehr-nieder-bessingen.de\/wp-content\/uploads\/2026\/02\/WhatsApp-Image-2026-02-06-at-21.19.45-576x1024.jpeg 576w, https:\/\/feuerwehr-nieder-bessingen.de\/wp-content\/uploads\/2026\/02\/WhatsApp-Image-2026-02-06-at-21.19.45-768x1365.jpeg 768w, https:\/\/feuerwehr-nieder-bessingen.de\/wp-content\/uploads\/2026\/02\/WhatsApp-Image-2026-02-06-at-21.19.45-864x1536.jpeg 864w\" sizes=\"auto, (max-width: 1148px) 100vw, 1148px\" \/><\/figure>\n<\/div>\n\n\n<p class=\"has-text-align-center\"><a href=\"?page_id=179\" data-type=\"URL\" data-id=\"?page_id=179\">Markus Kerscher<\/a><br>Wehrf\u00fchrer \/ stv. Jugendwart <\/p>\n<\/div>\n\n\n\n<div class=\"wp-block-column is-layout-flow wp-block-column-is-layout-flow\"><div class=\"wp-block-image is-style-default\">\n<figure class=\"aligncenter size-full is-resized\"><img loading=\"lazy\" decoding=\"async\" width=\"150\" height=\"187\" src=\"https:\/\/feuerwehr-nieder-bessingen.de\/wp-content\/uploads\/2023\/04\/Joerg_Keil.jpg\" alt=\"\" class=\"wp-image-143\" style=\"width:184px;height:auto\" title=\"J\u00f6rg Keil\"\/><\/figure>\n<\/div>\n\n\n<p class=\"has-text-align-center\"><a href=\"?page_id=185\">J\u00f6rg Keil<\/a><br>stv.Wehrf\u00fchrer<\/p>\n<\/div>\n<\/div>\n\n\n\n<p class=\"has-text-align-center\"><strong>Die Zugf\u00fchrer<\/strong><\/p>\n\n\n\n<div class=\"wp-block-columns is-layout-flex wp-container-core-columns-is-layout-9d6595d7 wp-block-columns-is-layout-flex\">\n<div class=\"wp-block-column is-layout-flow wp-block-column-is-layout-flow\">\n<p class=\"has-text-align-center\"><img loading=\"lazy\" decoding=\"async\" width=\"150\" height=\"267\" class=\"wp-image-854\" style=\"width: 150px;\" src=\"https:\/\/feuerwehr-nieder-bessingen.de\/wp-content\/uploads\/2026\/02\/WhatsApp-Image-2026-02-06-at-21.20.05.jpeg\" alt=\"\" srcset=\"https:\/\/feuerwehr-nieder-bessingen.de\/wp-content\/uploads\/2026\/02\/WhatsApp-Image-2026-02-06-at-21.20.05.jpeg 1148w, https:\/\/feuerwehr-nieder-bessingen.de\/wp-content\/uploads\/2026\/02\/WhatsApp-Image-2026-02-06-at-21.20.05-169x300.jpeg 169w, https:\/\/feuerwehr-nieder-bessingen.de\/wp-content\/uploads\/2026\/02\/WhatsApp-Image-2026-02-06-at-21.20.05-576x1024.jpeg 576w, https:\/\/feuerwehr-nieder-bessingen.de\/wp-content\/uploads\/2026\/02\/WhatsApp-Image-2026-02-06-at-21.20.05-768x1365.jpeg 768w, https:\/\/feuerwehr-nieder-bessingen.de\/wp-content\/uploads\/2026\/02\/WhatsApp-Image-2026-02-06-at-21.20.05-864x1536.jpeg 864w\" sizes=\"auto, (max-width: 150px) 100vw, 150px\" \/><\/p>\n\n\n\n<p class=\"has-text-align-center\"><a href=\"?page_id=211\" data-type=\"URL\" data-id=\"?page_id=211\">Thorsten Vekens<\/a><br>Zugf\u00fchrer<\/p>\n<\/div>\n\n\n\n<div class=\"wp-block-column is-layout-flow wp-block-column-is-layout-flow\">\n<p class=\"has-text-align-center\"><img loading=\"lazy\" decoding=\"async\" width=\"150\" height=\"267\" class=\"wp-image-855\" style=\"width: 150px;\" src=\"https:\/\/feuerwehr-nieder-bessingen.de\/wp-content\/uploads\/2026\/02\/WhatsApp-Image-2026-02-06-at-21.20.03.jpeg\" alt=\"\" srcset=\"https:\/\/feuerwehr-nieder-bessingen.de\/wp-content\/uploads\/2026\/02\/WhatsApp-Image-2026-02-06-at-21.20.03.jpeg 1148w, https:\/\/feuerwehr-nieder-bessingen.de\/wp-content\/uploads\/2026\/02\/WhatsApp-Image-2026-02-06-at-21.20.03-169x300.jpeg 169w, https:\/\/feuerwehr-nieder-bessingen.de\/wp-content\/uploads\/2026\/02\/WhatsApp-Image-2026-02-06-at-21.20.03-576x1024.jpeg 576w, https:\/\/feuerwehr-nieder-bessingen.de\/wp-content\/uploads\/2026\/02\/WhatsApp-Image-2026-02-06-at-21.20.03-768x1365.jpeg 768w, https:\/\/feuerwehr-nieder-bessingen.de\/wp-content\/uploads\/2026\/02\/WhatsApp-Image-2026-02-06-at-21.20.03-864x1536.jpeg 864w\" sizes=\"auto, (max-width: 150px) 100vw, 150px\" \/><\/p>\n\n\n\n<p class=\"has-text-align-center\"><a href=\"?page_id=218\" data-type=\"URL\" data-id=\"?page_id=218\">Markus Pompalla<br><\/a>Zugf\u00fchrer<\/p>\n<\/div>\n<\/div>\n\n\n\n<p class=\"has-text-align-center\"><strong> Gruppenf\u00fchrer<\/strong><\/p>\n\n\n\n<div class=\"wp-block-columns is-layout-flex wp-container-core-columns-is-layout-9d6595d7 wp-block-columns-is-layout-flex\">\n<div class=\"wp-block-column is-layout-flow wp-block-column-is-layout-flow\">\n<p class=\"has-text-align-center\"><img loading=\"lazy\" decoding=\"async\" width=\"150\" height=\"267\" class=\"wp-image-853\" style=\"width: 150px;\" src=\"https:\/\/feuerwehr-nieder-bessingen.de\/wp-content\/uploads\/2026\/02\/WhatsApp-Image-2026-02-06-at-21.20.049.jpeg\" alt=\"\" srcset=\"https:\/\/feuerwehr-nieder-bessingen.de\/wp-content\/uploads\/2026\/02\/WhatsApp-Image-2026-02-06-at-21.20.049.jpeg 1148w, https:\/\/feuerwehr-nieder-bessingen.de\/wp-content\/uploads\/2026\/02\/WhatsApp-Image-2026-02-06-at-21.20.049-169x300.jpeg 169w, https:\/\/feuerwehr-nieder-bessingen.de\/wp-content\/uploads\/2026\/02\/WhatsApp-Image-2026-02-06-at-21.20.049-576x1024.jpeg 576w, https:\/\/feuerwehr-nieder-bessingen.de\/wp-content\/uploads\/2026\/02\/WhatsApp-Image-2026-02-06-at-21.20.049-768x1365.jpeg 768w, https:\/\/feuerwehr-nieder-bessingen.de\/wp-content\/uploads\/2026\/02\/WhatsApp-Image-2026-02-06-at-21.20.049-864x1536.jpeg 864w\" sizes=\"auto, (max-width: 150px) 100vw, 150px\" \/> <\/p>\n\n\n\n<p class=\"has-text-align-center\"><a href=\"?page_id=223\">Volker R\u00f6hlich<\/a><a href=\"?page_id=223\"><br><\/a> Gruppenf\u00fchrer<\/p>\n<\/div>\n<\/div>\n\n\n\n<p class=\"has-text-align-center\">Die Einsatzkr\u00e4fte stellen t\u00e4glich &#8211; ehrenamtlich und zu jeder Zeit &#8211; <br>die Sicherheit in und um Nieder-Bessingen sicher:<\/p>\n\n\n\n<div class=\"wp-block-columns is-layout-flex wp-container-core-columns-is-layout-9d6595d7 wp-block-columns-is-layout-flex\">\n<div class=\"wp-block-column is-layout-flow wp-block-column-is-layout-flow\">\n<p class=\"has-text-align-center\"><img loading=\"lazy\" decoding=\"async\" width=\"150\" height=\"267\" class=\"wp-image-848\" style=\"width: 150px;\" src=\"https:\/\/feuerwehr-nieder-bessingen.de\/wp-content\/uploads\/2026\/02\/WhatsApp-Image-2026-02-06-at-21.20.055.jpeg\" alt=\"\" srcset=\"https:\/\/feuerwehr-nieder-bessingen.de\/wp-content\/uploads\/2026\/02\/WhatsApp-Image-2026-02-06-at-21.20.055.jpeg 1148w, https:\/\/feuerwehr-nieder-bessingen.de\/wp-content\/uploads\/2026\/02\/WhatsApp-Image-2026-02-06-at-21.20.055-169x300.jpeg 169w, https:\/\/feuerwehr-nieder-bessingen.de\/wp-content\/uploads\/2026\/02\/WhatsApp-Image-2026-02-06-at-21.20.055-576x1024.jpeg 576w, https:\/\/feuerwehr-nieder-bessingen.de\/wp-content\/uploads\/2026\/02\/WhatsApp-Image-2026-02-06-at-21.20.055-768x1365.jpeg 768w, https:\/\/feuerwehr-nieder-bessingen.de\/wp-content\/uploads\/2026\/02\/WhatsApp-Image-2026-02-06-at-21.20.055-864x1536.jpeg 864w\" sizes=\"auto, (max-width: 150px) 100vw, 150px\" \/><br><a href=\"?page_id=236\">Alexander Deubel<\/a><\/p>\n<\/div>\n\n\n\n<div class=\"wp-block-column is-layout-flow wp-block-column-is-layout-flow\">\n<p class=\"has-text-align-center\"><img loading=\"lazy\" decoding=\"async\" width=\"150\" height=\"267\" class=\"wp-image-847\" style=\"width: 150px;\" src=\"https:\/\/feuerwehr-nieder-bessingen.de\/wp-content\/uploads\/2026\/02\/WhatsApp-Image-2026-02-06-at-21.20.064.jpeg\" alt=\"\" srcset=\"https:\/\/feuerwehr-nieder-bessingen.de\/wp-content\/uploads\/2026\/02\/WhatsApp-Image-2026-02-06-at-21.20.064.jpeg 1148w, https:\/\/feuerwehr-nieder-bessingen.de\/wp-content\/uploads\/2026\/02\/WhatsApp-Image-2026-02-06-at-21.20.064-169x300.jpeg 169w, https:\/\/feuerwehr-nieder-bessingen.de\/wp-content\/uploads\/2026\/02\/WhatsApp-Image-2026-02-06-at-21.20.064-576x1024.jpeg 576w, https:\/\/feuerwehr-nieder-bessingen.de\/wp-content\/uploads\/2026\/02\/WhatsApp-Image-2026-02-06-at-21.20.064-768x1365.jpeg 768w, https:\/\/feuerwehr-nieder-bessingen.de\/wp-content\/uploads\/2026\/02\/WhatsApp-Image-2026-02-06-at-21.20.064-864x1536.jpeg 864w\" sizes=\"auto, (max-width: 150px) 100vw, 150px\" \/><br><a href=\"?page_id=243\">Alexander Gottuck<\/a><\/p>\n<\/div>\n\n\n\n<div class=\"wp-block-column is-layout-flow wp-block-column-is-layout-flow\">\n<p class=\"has-text-align-center\"><img loading=\"lazy\" decoding=\"async\" width=\"150\" height=\"267\" class=\"wp-image-852\" style=\"width: 150px;\" src=\"https:\/\/feuerwehr-nieder-bessingen.de\/wp-content\/uploads\/2026\/02\/WhatsApp-Image-2026-02-06-at-21.20.057.jpeg\" alt=\"\" srcset=\"https:\/\/feuerwehr-nieder-bessingen.de\/wp-content\/uploads\/2026\/02\/WhatsApp-Image-2026-02-06-at-21.20.057.jpeg 1148w, https:\/\/feuerwehr-nieder-bessingen.de\/wp-content\/uploads\/2026\/02\/WhatsApp-Image-2026-02-06-at-21.20.057-169x300.jpeg 169w, https:\/\/feuerwehr-nieder-bessingen.de\/wp-content\/uploads\/2026\/02\/WhatsApp-Image-2026-02-06-at-21.20.057-576x1024.jpeg 576w, https:\/\/feuerwehr-nieder-bessingen.de\/wp-content\/uploads\/2026\/02\/WhatsApp-Image-2026-02-06-at-21.20.057-768x1365.jpeg 768w, https:\/\/feuerwehr-nieder-bessingen.de\/wp-content\/uploads\/2026\/02\/WhatsApp-Image-2026-02-06-at-21.20.057-864x1536.jpeg 864w\" sizes=\"auto, (max-width: 150px) 100vw, 150px\" \/><br><a href=\"?page_id=245\">Christian Krause<\/a><\/p>\n<\/div>\n<\/div>\n\n\n\n<div class=\"wp-block-columns is-layout-flex wp-container-core-columns-is-layout-9d6595d7 wp-block-columns-is-layout-flex\">\n<div class=\"wp-block-column is-layout-flow wp-block-column-is-layout-flow\">\n<p class=\"has-text-align-center\"><img loading=\"lazy\" decoding=\"async\" width=\"150\" height=\"267\" class=\"wp-image-845\" style=\"width: 150px;\" src=\"https:\/\/feuerwehr-nieder-bessingen.de\/wp-content\/uploads\/2026\/02\/WhatsApp-Image-2026-02-06-at-21.20.061.jpeg\" alt=\"\" srcset=\"https:\/\/feuerwehr-nieder-bessingen.de\/wp-content\/uploads\/2026\/02\/WhatsApp-Image-2026-02-06-at-21.20.061.jpeg 1148w, https:\/\/feuerwehr-nieder-bessingen.de\/wp-content\/uploads\/2026\/02\/WhatsApp-Image-2026-02-06-at-21.20.061-169x300.jpeg 169w, https:\/\/feuerwehr-nieder-bessingen.de\/wp-content\/uploads\/2026\/02\/WhatsApp-Image-2026-02-06-at-21.20.061-576x1024.jpeg 576w, https:\/\/feuerwehr-nieder-bessingen.de\/wp-content\/uploads\/2026\/02\/WhatsApp-Image-2026-02-06-at-21.20.061-768x1365.jpeg 768w, https:\/\/feuerwehr-nieder-bessingen.de\/wp-content\/uploads\/2026\/02\/WhatsApp-Image-2026-02-06-at-21.20.061-864x1536.jpeg 864w\" sizes=\"auto, (max-width: 150px) 100vw, 150px\" \/><br><a href=\"?page_id=247\">KimLaura Kerscher<\/a><\/p>\n<\/div>\n\n\n\n<div class=\"wp-block-column is-layout-flow wp-block-column-is-layout-flow\">\n<p class=\"has-text-align-center\"><img loading=\"lazy\" decoding=\"async\" width=\"150\" height=\"267\" class=\"wp-image-851\" style=\"width: 150px;\" src=\"https:\/\/feuerwehr-nieder-bessingen.de\/wp-content\/uploads\/2026\/02\/WhatsApp-Image-2026-02-06-at-21.20.056.jpeg\" alt=\"\" srcset=\"https:\/\/feuerwehr-nieder-bessingen.de\/wp-content\/uploads\/2026\/02\/WhatsApp-Image-2026-02-06-at-21.20.056.jpeg 1148w, https:\/\/feuerwehr-nieder-bessingen.de\/wp-content\/uploads\/2026\/02\/WhatsApp-Image-2026-02-06-at-21.20.056-169x300.jpeg 169w, https:\/\/feuerwehr-nieder-bessingen.de\/wp-content\/uploads\/2026\/02\/WhatsApp-Image-2026-02-06-at-21.20.056-576x1024.jpeg 576w, https:\/\/feuerwehr-nieder-bessingen.de\/wp-content\/uploads\/2026\/02\/WhatsApp-Image-2026-02-06-at-21.20.056-768x1365.jpeg 768w, https:\/\/feuerwehr-nieder-bessingen.de\/wp-content\/uploads\/2026\/02\/WhatsApp-Image-2026-02-06-at-21.20.056-864x1536.jpeg 864w\" sizes=\"auto, (max-width: 150px) 100vw, 150px\" \/><br><a href=\"?page_id=249\">Nicole Pein<\/a><\/p>\n<\/div>\n\n\n\n<div class=\"wp-block-column is-layout-flow wp-block-column-is-layout-flow\">\n<p class=\"has-text-align-center\"><img loading=\"lazy\" decoding=\"async\" width=\"150\" height=\"188\" class=\"wp-image-152\" style=\"width: 150px;\" src=\"https:\/\/feuerwehr-nieder-bessingen.de\/wp-content\/uploads\/2023\/04\/Timm_Schroeder.jpg\" alt=\"\"><br><a href=\"?page_id=251\">Timm Schr\u00f6der<\/a><\/p>\n<\/div>\n<\/div>\n\n\n\n<div class=\"wp-block-columns is-layout-flex wp-container-core-columns-is-layout-9d6595d7 wp-block-columns-is-layout-flex\">\n<div class=\"wp-block-column is-layout-flow wp-block-column-is-layout-flow\">\n<p><img loading=\"lazy\" decoding=\"async\" width=\"150\" height=\"267\" class=\"wp-image-849\" style=\"width: 150px;\" src=\"https:\/\/feuerwehr-nieder-bessingen.de\/wp-content\/uploads\/2026\/02\/WhatsApp-Image-2026-02-06-at-21.20.063.jpeg\" alt=\"\" srcset=\"https:\/\/feuerwehr-nieder-bessingen.de\/wp-content\/uploads\/2026\/02\/WhatsApp-Image-2026-02-06-at-21.20.063.jpeg 1148w, https:\/\/feuerwehr-nieder-bessingen.de\/wp-content\/uploads\/2026\/02\/WhatsApp-Image-2026-02-06-at-21.20.063-169x300.jpeg 169w, https:\/\/feuerwehr-nieder-bessingen.de\/wp-content\/uploads\/2026\/02\/WhatsApp-Image-2026-02-06-at-21.20.063-576x1024.jpeg 576w, https:\/\/feuerwehr-nieder-bessingen.de\/wp-content\/uploads\/2026\/02\/WhatsApp-Image-2026-02-06-at-21.20.063-768x1365.jpeg 768w, https:\/\/feuerwehr-nieder-bessingen.de\/wp-content\/uploads\/2026\/02\/WhatsApp-Image-2026-02-06-at-21.20.063-864x1536.jpeg 864w\" sizes=\"auto, (max-width: 150px) 100vw, 150px\" \/><br><a href=\"?page_id=253\">Steffanie Schargaroff<\/a><\/p>\n<\/div>\n\n\n\n<div class=\"wp-block-column is-layout-flow wp-block-column-is-layout-flow\">\n<div class=\"wp-block-group is-nowrap is-layout-flex wp-container-core-group-is-layout-ad2f72ca wp-block-group-is-layout-flex\">\n<p class=\"has-text-align-center\"><img loading=\"lazy\" decoding=\"async\" width=\"150\" height=\"267\" class=\"wp-image-850\" style=\"width: 150px;\" src=\"https:\/\/feuerwehr-nieder-bessingen.de\/wp-content\/uploads\/2026\/02\/WhatsApp-Image-2026-02-06-at-21.20.04.jpeg\" alt=\"\" srcset=\"https:\/\/feuerwehr-nieder-bessingen.de\/wp-content\/uploads\/2026\/02\/WhatsApp-Image-2026-02-06-at-21.20.04.jpeg 1148w, https:\/\/feuerwehr-nieder-bessingen.de\/wp-content\/uploads\/2026\/02\/WhatsApp-Image-2026-02-06-at-21.20.04-169x300.jpeg 169w, https:\/\/feuerwehr-nieder-bessingen.de\/wp-content\/uploads\/2026\/02\/WhatsApp-Image-2026-02-06-at-21.20.04-576x1024.jpeg 576w, https:\/\/feuerwehr-nieder-bessingen.de\/wp-content\/uploads\/2026\/02\/WhatsApp-Image-2026-02-06-at-21.20.04-768x1365.jpeg 768w, https:\/\/feuerwehr-nieder-bessingen.de\/wp-content\/uploads\/2026\/02\/WhatsApp-Image-2026-02-06-at-21.20.04-864x1536.jpeg 864w\" sizes=\"auto, (max-width: 150px) 100vw, 150px\" \/><br><a href=\"?page_id=558\">Laura Volk<\/a><\/p>\n<\/div>\n<\/div>\n<\/div>\n\n\n\n<p><\/p>\n","protected":false},"excerpt":{"rendered":"<p>Markus KerscherWehrf\u00fchrer \/ stv. Jugendwart J\u00f6rg Keilstv.Wehrf\u00fchrer Die Zugf\u00fchrer Thorsten VekensZugf\u00fchrer Markus PompallaZugf\u00fchrer Gruppenf\u00fchrer Volker R\u00f6hlich Gruppenf\u00fchrer Die Einsatzkr\u00e4fte stellen t\u00e4glich &#8211; ehrenamtlich und zu jeder Zeit &#8211; die Sicherheit in und um Nieder-Bessingen sicher: Alexander Deubel Alexander Gottuck Christian&#8230; <a href=\"https:\/\/feuerwehr-nieder-bessingen.de\/?page_id=30\" class=\"readmore\">Mehr<span class=\"screen-reader-text\">Einsatzkr\u00e4fte<\/span><span class=\"fa fa-angle-double-right\" aria-hidden=\"true\"><\/span><\/a><\/p>\n","protected":false},"author":1,"featured_media":0,"parent":27,"menu_order":0,"comment_status":"closed","ping_status":"closed","template":"","meta":{"_mc_calendar":[],"footnotes":"[]"},"class_list":["post-30","page","type-page","status-publish","hentry"],"_links":{"self":[{"href":"https:\/\/feuerwehr-nieder-bessingen.de\/index.php?rest_route=\/wp\/v2\/pages\/30","targetHints":{"allow":["GET"]}}],"collection":[{"href":"https:\/\/feuerwehr-nieder-bessingen.de\/index.php?rest_route=\/wp\/v2\/pages"}],"about":[{"href":"https:\/\/feuerwehr-nieder-bessingen.de\/index.php?rest_route=\/wp\/v2\/types\/page"}],"author":[{"embeddable":true,"href":"https:\/\/feuerwehr-nieder-bessingen.de\/index.php?rest_route=\/wp\/v2\/users\/1"}],"replies":[{"embeddable":true,"href":"https:\/\/feuerwehr-nieder-bessingen.de\/index.php?rest_route=%2Fwp%2Fv2%2Fcomments&post=30"}],"version-history":[{"count":54,"href":"https:\/\/feuerwehr-nieder-bessingen.de\/index.php?rest_route=\/wp\/v2\/pages\/30\/revisions"}],"predecessor-version":[{"id":979,"href":"https:\/\/feuerwehr-nieder-bessingen.de\/index.php?rest_route=\/wp\/v2\/pages\/30\/revisions\/979"}],"up":[{"embeddable":true,"href":"https:\/\/feuerwehr-nieder-bessingen.de\/index.php?rest_route=\/wp\/v2\/pages\/27"}],"wp:attachment":[{"href":"https:\/\/feuerwehr-nieder-bessingen.de\/index.php?rest_route=%2Fwp%2Fv2%2Fmedia&parent=30"}],"curies":[{"name":"wp","href":"https:\/\/api.w.org\/{rel}","templated":true}]}}