{"id":299,"date":"2023-04-27T15:16:59","date_gmt":"2023-04-27T13:16:59","guid":{"rendered":"https:\/\/feuerwehr-nieder-bessingen.de\/?page_id=299"},"modified":"2023-05-14T23:05:34","modified_gmt":"2023-05-14T21:05:34","slug":"wettbewerb","status":"publish","type":"page","link":"https:\/\/feuerwehr-nieder-bessingen.de\/?page_id=299","title":{"rendered":"Wettkampfgruppe"},"content":{"rendered":"\n<figure class=\"wp-block-image size-large\"><a href=\"https:\/\/feuerwehr-nieder-bessingen.de\/wp-content\/uploads\/2023\/04\/ctif-e1683749535440.jpg\"><img decoding=\"async\" src=\"https:\/\/feuerwehr-nieder-bessingen.de\/wp-content\/uploads\/2023\/04\/ctif-1024x564.jpg\" alt=\"\" class=\"wp-image-300\"\/><\/a><\/figure>\n\n\n\n<p>Bevor wir zu den Mitgliedern der Wettbewerbsgruppe kommen hier ein paar Infos wie, was, warum.  \ud83d\ude09<\/p>\n\n\n\n<p>Im Jahr 2007 wurde die Wettbewerbsgruppe der FF Nieder-Bessingen gegr\u00fcndet. Der damalige Jugendfeuerwehrwart und aktives Mitglied in der Einsatzabteilung &#8211; Thorsten Vekens &#8211; sowie manch Jugendliche die in die Einsatzabteilung gewechselt sind, wollten den feuerwehrtechnischen Wettbewerbssport aus der Jugendfeuerwehr gerne weiterf\u00fchren. Da sich auch ein paar aktive Mitglieder der Einsatzabteilung daf\u00fcr interessierten begann man im Herbst mit dem Training.<\/p>\n\n\n\n<p>Aufgabenstellung beim&nbsp;<a href=\"http:\/\/www.dfv.org\/fb-wettbewerbe.html\">Wettbewerb nach CTIF (int. Feuerwehrverband)<\/a>:<\/p>\n\n\n\n<p>Aufbau eines L\u00f6schangriff offenes Gew\u00e4sser mit zwei Trupps im L\u00f6schangriff. Videos im Internet zeigten uns Spitzengruppen die dieses in etwas mehr als einer halben Minute schaffen&#8230; F\u00fcr uns noch Utopie&#8230;<\/p>\n\n\n\n<p>Im zweiten Teil des Wettbewerb gilt es einen 400m Hindernislauf mit feuerwehrspezifischen Aufgaben zu absolvieren.<\/p>\n\n\n\n<p>Bereits nach wenigen Wochen ging es zum ersten Wettbewerb bei dem wir auf dem letzten Platz landeten. Die Punktzahl in einem starken Teilnehmerfeld war aber sehr motivierend &#8211; so fehlten nur wenige Z\u00e4hler zum erreichen des Deutschen Feuerwehrleistungsabzeichen &#8211; und das nach weniger als zehn Trainingseinheiten!<\/p>\n\n\n\n<p>So steigerte man sich und konnte im laufenden Jahr bereits tolle Erfolge feiern!<\/p>\n\n\n\n<figure class=\"wp-block-image size-large\"><a href=\"https:\/\/feuerwehr-nieder-bessingen.de\/wp-content\/uploads\/2023\/05\/sieger-scaled.jpg\"><img loading=\"lazy\" decoding=\"async\" width=\"1024\" height=\"309\" src=\"https:\/\/feuerwehr-nieder-bessingen.de\/wp-content\/uploads\/2023\/05\/sieger-1024x309.jpg\" alt=\"\" class=\"wp-image-630\" srcset=\"https:\/\/feuerwehr-nieder-bessingen.de\/wp-content\/uploads\/2023\/05\/sieger-1024x309.jpg 1024w, https:\/\/feuerwehr-nieder-bessingen.de\/wp-content\/uploads\/2023\/05\/sieger-300x91.jpg 300w, https:\/\/feuerwehr-nieder-bessingen.de\/wp-content\/uploads\/2023\/05\/sieger-768x232.jpg 768w, https:\/\/feuerwehr-nieder-bessingen.de\/wp-content\/uploads\/2023\/05\/sieger-1536x463.jpg 1536w, https:\/\/feuerwehr-nieder-bessingen.de\/wp-content\/uploads\/2023\/05\/sieger-2048x618.jpg 2048w\" sizes=\"auto, (max-width: 1024px) 100vw, 1024px\" \/><\/a><\/figure>\n","protected":false},"excerpt":{"rendered":"<p>Bevor wir zu den Mitgliedern der Wettbewerbsgruppe kommen hier ein paar Infos wie, was, warum. \ud83d\ude09 Im Jahr 2007 wurde die Wettbewerbsgruppe der FF Nieder-Bessingen gegr\u00fcndet. Der damalige Jugendfeuerwehrwart und aktives Mitglied in der Einsatzabteilung &#8211; Thorsten Vekens &#8211; sowie&#8230; <a href=\"https:\/\/feuerwehr-nieder-bessingen.de\/?page_id=299\" class=\"readmore\">Mehr<span class=\"screen-reader-text\">Wettkampfgruppe<\/span><span class=\"fa fa-angle-double-right\" aria-hidden=\"true\"><\/span><\/a><\/p>\n","protected":false},"author":1,"featured_media":0,"parent":0,"menu_order":0,"comment_status":"closed","ping_status":"closed","template":"","meta":{"_mc_calendar":[],"footnotes":""},"class_list":["post-299","page","type-page","status-publish","hentry"],"_links":{"self":[{"href":"https:\/\/feuerwehr-nieder-bessingen.de\/index.php?rest_route=\/wp\/v2\/pages\/299","targetHints":{"allow":["GET"]}}],"collection":[{"href":"https:\/\/feuerwehr-nieder-bessingen.de\/index.php?rest_route=\/wp\/v2\/pages"}],"about":[{"href":"https:\/\/feuerwehr-nieder-bessingen.de\/index.php?rest_route=\/wp\/v2\/types\/page"}],"author":[{"embeddable":true,"href":"https:\/\/feuerwehr-nieder-bessingen.de\/index.php?rest_route=\/wp\/v2\/users\/1"}],"replies":[{"embeddable":true,"href":"https:\/\/feuerwehr-nieder-bessingen.de\/index.php?rest_route=%2Fwp%2Fv2%2Fcomments&post=299"}],"version-history":[{"count":9,"href":"https:\/\/feuerwehr-nieder-bessingen.de\/index.php?rest_route=\/wp\/v2\/pages\/299\/revisions"}],"predecessor-version":[{"id":632,"href":"https:\/\/feuerwehr-nieder-bessingen.de\/index.php?rest_route=\/wp\/v2\/pages\/299\/revisions\/632"}],"wp:attachment":[{"href":"https:\/\/feuerwehr-nieder-bessingen.de\/index.php?rest_route=%2Fwp%2Fv2%2Fmedia&parent=299"}],"curies":[{"name":"wp","href":"https:\/\/api.w.org\/{rel}","templated":true}]}}