{"id":258,"date":"2023-04-26T20:51:53","date_gmt":"2023-04-26T18:51:53","guid":{"rendered":"https:\/\/feuerwehr-nieder-bessingen.de\/?page_id=258"},"modified":"2023-04-26T20:55:20","modified_gmt":"2023-04-26T18:55:20","slug":"feuerwehrhaus","status":"publish","type":"page","link":"https:\/\/feuerwehr-nieder-bessingen.de\/?page_id=258","title":{"rendered":"Feuerwehrhaus"},"content":{"rendered":"\n<p>In der Zeit von 10\/2009 bis 03\/2011 wurde das Feuerwehrhaus in der Erlesbergstra\u00dfe mit 250.000 Euro vom Konjunkturpaket gef\u00f6rdert, in vielen tausend Stunden Eigenleistung umgebaut bzw. neu errichtet. Entstanden ist eine Unterkunft die es uns erm\u00f6glicht einen hochwertigen Unterricht zu halten, eine umfangreiche Ausstattung unterzubringen und die aktuellen Sicherheitsbestimmungen einzuhalten.<\/p>\n\n\n\n<p>Neben dem Schulungsraum der Einsatzabteilung (welcher als Einziges vom alten Ger\u00e4tehaus \u00fcbernommen wurde) hat nun auch die Jugend einen eigenen Raum. F\u00fcr die stetig wachsenden administrativen Arbeiten steht nun auch der Wehrf\u00fchrung, dem Vereinsvorsitzenden, der Jugendabteilungsleitern und den Ger\u00e4tewarten ein B\u00fcro zur Verrichtung ihrer Arbeit zur Verf\u00fcgung.<\/p>\n\n\n\n<p>Mit der Teek\u00fcche, welche uns freundlicherweise gespendet wurde, konnte man eine weitere gesetzliche Anforderung erf\u00fcllen.<\/p>\n\n\n\n<p>Damen und Herren haben nun getrennte Umkleidem\u00f6glichkeiten mit entsprechenden Sanit\u00e4reinrichtungen inkl. Duschen.<\/p>\n\n\n\n<p>Am 02. April 2011 wurde das neue Feuerwehrhaus offiziell &#8222;in Dienst gestellt&#8220;.<\/p>\n","protected":false},"excerpt":{"rendered":"<p>In der Zeit von 10\/2009 bis 03\/2011 wurde das Feuerwehrhaus in der Erlesbergstra\u00dfe mit 250.000 Euro vom Konjunkturpaket gef\u00f6rdert, in vielen tausend Stunden Eigenleistung umgebaut bzw. neu errichtet. Entstanden ist eine Unterkunft die es uns erm\u00f6glicht einen hochwertigen Unterricht zu&#8230; <a href=\"https:\/\/feuerwehr-nieder-bessingen.de\/?page_id=258\" class=\"readmore\">Mehr<span class=\"screen-reader-text\">Feuerwehrhaus<\/span><span class=\"fa fa-angle-double-right\" aria-hidden=\"true\"><\/span><\/a><\/p>\n","protected":false},"author":1,"featured_media":0,"parent":27,"menu_order":0,"comment_status":"closed","ping_status":"closed","template":"","meta":{"_mc_calendar":[],"footnotes":""},"class_list":["post-258","page","type-page","status-publish","hentry"],"_links":{"self":[{"href":"https:\/\/feuerwehr-nieder-bessingen.de\/index.php?rest_route=\/wp\/v2\/pages\/258","targetHints":{"allow":["GET"]}}],"collection":[{"href":"https:\/\/feuerwehr-nieder-bessingen.de\/index.php?rest_route=\/wp\/v2\/pages"}],"about":[{"href":"https:\/\/feuerwehr-nieder-bessingen.de\/index.php?rest_route=\/wp\/v2\/types\/page"}],"author":[{"embeddable":true,"href":"https:\/\/feuerwehr-nieder-bessingen.de\/index.php?rest_route=\/wp\/v2\/users\/1"}],"replies":[{"embeddable":true,"href":"https:\/\/feuerwehr-nieder-bessingen.de\/index.php?rest_route=%2Fwp%2Fv2%2Fcomments&post=258"}],"version-history":[{"count":3,"href":"https:\/\/feuerwehr-nieder-bessingen.de\/index.php?rest_route=\/wp\/v2\/pages\/258\/revisions"}],"predecessor-version":[{"id":262,"href":"https:\/\/feuerwehr-nieder-bessingen.de\/index.php?rest_route=\/wp\/v2\/pages\/258\/revisions\/262"}],"up":[{"embeddable":true,"href":"https:\/\/feuerwehr-nieder-bessingen.de\/index.php?rest_route=\/wp\/v2\/pages\/27"}],"wp:attachment":[{"href":"https:\/\/feuerwehr-nieder-bessingen.de\/index.php?rest_route=%2Fwp%2Fv2%2Fmedia&parent=258"}],"curies":[{"name":"wp","href":"https:\/\/api.w.org\/{rel}","templated":true}]}}