{"id":243,"date":"2023-04-26T20:29:29","date_gmt":"2023-04-26T18:29:29","guid":{"rendered":"https:\/\/feuerwehr-nieder-bessingen.de\/?page_id=243"},"modified":"2026-02-08T11:29:33","modified_gmt":"2026-02-08T10:29:33","slug":"michael-pein","status":"publish","type":"page","link":"https:\/\/feuerwehr-nieder-bessingen.de\/?page_id=243","title":{"rendered":"Alexander Gottuck"},"content":{"rendered":"\n<div class=\"wp-block-columns is-layout-flex wp-container-core-columns-is-layout-9d6595d7 wp-block-columns-is-layout-flex\">\n<div class=\"wp-block-column is-layout-flow wp-block-column-is-layout-flow\" style=\"flex-basis:66.66%\">\n<p>Weitere Informationen<br><br><img loading=\"lazy\" decoding=\"async\" width=\"100\" height=\"51\" class=\"wp-image-235\" style=\"width: 100px;\" src=\"https:\/\/feuerwehr-nieder-bessingen.de\/wp-content\/uploads\/2023\/04\/ofm.gif\" alt=\"\"> Oberfeuerwehrmann<br><br><img loading=\"lazy\" decoding=\"async\" width=\"100\" height=\"54\" class=\"wp-image-233\" style=\"width: 100px;\" src=\"https:\/\/feuerwehr-nieder-bessingen.de\/wp-content\/uploads\/2023\/04\/helm.gif\" alt=\"\"><br><br>Ausbildung \/ Lehrg\u00e4nge:<\/p>\n\n\n\n<ul class=\"wp-block-list\">\n<li>Erste Hilfe<\/li>\n\n\n\n<li>Grundlehrgang<\/li>\n\n\n\n<li>Atemschutzger\u00e4tetr\u00e4gerlehrgang<\/li>\n\n\n\n<li>Motorkettens\u00e4genf\u00fchrer<\/li>\n\n\n\n<li>Maschinistenlehrgang<\/li>\n\n\n\n<li>Sprechfunklehrgang<\/li>\n\n\n\n<li>Truppf\u00fchrerlehrgang<\/li>\n\n\n\n<li>Fortbildungsseminar f\u00fcr Atemschutzger\u00e4tetr\u00e4ger Brandsimulationsanlage<\/li>\n<\/ul>\n<\/div>\n\n\n\n<div class=\"wp-block-column is-layout-flow wp-block-column-is-layout-flow\" style=\"flex-basis:33.33%\">\n<figure class=\"wp-block-image size-full\"><img loading=\"lazy\" decoding=\"async\" width=\"667\" height=\"852\" src=\"https:\/\/feuerwehr-nieder-bessingen.de\/wp-content\/uploads\/2023\/05\/wappen-ffw.jpg\" alt=\"\" class=\"wp-image-353\" srcset=\"https:\/\/feuerwehr-nieder-bessingen.de\/wp-content\/uploads\/2023\/05\/wappen-ffw.jpg 667w, https:\/\/feuerwehr-nieder-bessingen.de\/wp-content\/uploads\/2023\/05\/wappen-ffw-235x300.jpg 235w\" sizes=\"auto, (max-width: 667px) 100vw, 667px\" \/><\/figure>\n<\/div>\n<\/div>\n","protected":false},"excerpt":{"rendered":"<p>Weitere Informationen Oberfeuerwehrmann Ausbildung \/ Lehrg\u00e4nge:<\/p>\n","protected":false},"author":1,"featured_media":0,"parent":30,"menu_order":0,"comment_status":"closed","ping_status":"closed","template":"","meta":{"_mc_calendar":[],"footnotes":""},"class_list":["post-243","page","type-page","status-publish","hentry"],"_links":{"self":[{"href":"https:\/\/feuerwehr-nieder-bessingen.de\/index.php?rest_route=\/wp\/v2\/pages\/243","targetHints":{"allow":["GET"]}}],"collection":[{"href":"https:\/\/feuerwehr-nieder-bessingen.de\/index.php?rest_route=\/wp\/v2\/pages"}],"about":[{"href":"https:\/\/feuerwehr-nieder-bessingen.de\/index.php?rest_route=\/wp\/v2\/types\/page"}],"author":[{"embeddable":true,"href":"https:\/\/feuerwehr-nieder-bessingen.de\/index.php?rest_route=\/wp\/v2\/users\/1"}],"replies":[{"embeddable":true,"href":"https:\/\/feuerwehr-nieder-bessingen.de\/index.php?rest_route=%2Fwp%2Fv2%2Fcomments&post=243"}],"version-history":[{"count":4,"href":"https:\/\/feuerwehr-nieder-bessingen.de\/index.php?rest_route=\/wp\/v2\/pages\/243\/revisions"}],"predecessor-version":[{"id":876,"href":"https:\/\/feuerwehr-nieder-bessingen.de\/index.php?rest_route=\/wp\/v2\/pages\/243\/revisions\/876"}],"up":[{"embeddable":true,"href":"https:\/\/feuerwehr-nieder-bessingen.de\/index.php?rest_route=\/wp\/v2\/pages\/30"}],"wp:attachment":[{"href":"https:\/\/feuerwehr-nieder-bessingen.de\/index.php?rest_route=%2Fwp%2Fv2%2Fmedia&parent=243"}],"curies":[{"name":"wp","href":"https:\/\/api.w.org\/{rel}","templated":true}]}}