{"id":218,"date":"2023-04-26T11:46:07","date_gmt":"2023-04-26T09:46:07","guid":{"rendered":"https:\/\/feuerwehr-nieder-bessingen.de\/?page_id=218"},"modified":"2026-02-07T16:31:47","modified_gmt":"2026-02-07T15:31:47","slug":"markus-pompalla","status":"publish","type":"page","link":"https:\/\/feuerwehr-nieder-bessingen.de\/?page_id=218","title":{"rendered":"Markus Pompalla"},"content":{"rendered":"\n<div class=\"wp-block-columns is-layout-flex wp-container-core-columns-is-layout-9d6595d7 wp-block-columns-is-layout-flex\">\n<div class=\"wp-block-column is-layout-flow wp-block-column-is-layout-flow\" style=\"flex-basis:66.66%\">\n<p>Zugf\u00fchrer<br><br>Weitere Informationen<br><br><img loading=\"lazy\" decoding=\"async\" width=\"100\" height=\"63\" class=\"wp-image-209\" style=\"width: 100px;\" src=\"https:\/\/feuerwehr-nieder-bessingen.de\/wp-content\/uploads\/2023\/04\/hlm.gif\" alt=\"\"> Hauptl\u00f6schmeister<br><br><img loading=\"lazy\" decoding=\"async\" width=\"100\" height=\"54\" class=\"wp-image-208\" style=\"width: 100px;\" src=\"https:\/\/feuerwehr-nieder-bessingen.de\/wp-content\/uploads\/2023\/04\/azufuehelm.gif\" alt=\"\"> Atemschutz \/ Zugf\u00fchrer<br><br>Ausbildung \/ Lehrg\u00e4nge:<\/p>\n\n\n\n<ul class=\"wp-block-list\">\n<li>Erste Hilfe<\/li>\n\n\n\n<li>Grundlehrgang<\/li>\n\n\n\n<li>Ausbildung Sprechfunk<\/li>\n\n\n\n<li>Technische Hilfeleistung &#8222;Bau&#8220;<\/li>\n\n\n\n<li>Atemschutzger\u00e4tetr\u00e4ger I<\/li>\n\n\n\n<li>Atemschutzfortbildung &#8222;Fire Dragon&#8220;<\/li>\n\n\n\n<li>Atemschutzfortbildung &#8222;Fire House&#8220;<\/li>\n\n\n\n<li>Flashover-Seminar<\/li>\n\n\n\n<li>Maschinist f\u00fcr L\u00f6schfahrzeuge<\/li>\n\n\n\n<li>Motorkettens\u00e4genf\u00fchrer<\/li>\n\n\n\n<li>Bahnlehrgang I<\/li>\n\n\n\n<li>Seminar &#8222;Kartenkunde&#8220;<\/li>\n\n\n\n<li>Seminar &#8222;Absturzsicherung&#8220;<\/li>\n\n\n\n<li>Truppf\u00fchrer<\/li>\n\n\n\n<li>Gruppenf\u00fchrer<\/li>\n\n\n\n<li>Zugf\u00fchrer<\/li>\n\n\n\n<li>Verbandf\u00fchrer<\/li>\n\n\n\n<li>Leiter einer Feuerwehr<\/li>\n\n\n\n<li>Einf\u00fchrung in die Stabsarbeit<\/li>\n\n\n\n<li>Fortbildungsseminar f\u00fcr F\u00fchrungskr\u00e4fte im Stab<\/li>\n\n\n\n<li>Wertungsrichter Jugendfeuerwehr auf Kreisebene<\/li>\n\n\n\n<li>Wertungsrichter Jugendfeuerwehr auf Landesebene<\/li>\n<\/ul>\n<\/div>\n\n\n\n<div class=\"wp-block-column is-layout-flow wp-block-column-is-layout-flow\" style=\"flex-basis:33.33%\">\n<figure class=\"wp-block-image size-full is-resized\"><img loading=\"lazy\" decoding=\"async\" width=\"1148\" height=\"2040\" src=\"https:\/\/feuerwehr-nieder-bessingen.de\/wp-content\/uploads\/2026\/02\/WhatsApp-Image-2026-02-06-at-21.20.03-1.jpeg\" alt=\"\" class=\"wp-image-868\" style=\"aspect-ratio:0.5627579201320551;width:171px;height:auto\" srcset=\"https:\/\/feuerwehr-nieder-bessingen.de\/wp-content\/uploads\/2026\/02\/WhatsApp-Image-2026-02-06-at-21.20.03-1.jpeg 1148w, https:\/\/feuerwehr-nieder-bessingen.de\/wp-content\/uploads\/2026\/02\/WhatsApp-Image-2026-02-06-at-21.20.03-1-169x300.jpeg 169w, https:\/\/feuerwehr-nieder-bessingen.de\/wp-content\/uploads\/2026\/02\/WhatsApp-Image-2026-02-06-at-21.20.03-1-576x1024.jpeg 576w, https:\/\/feuerwehr-nieder-bessingen.de\/wp-content\/uploads\/2026\/02\/WhatsApp-Image-2026-02-06-at-21.20.03-1-768x1365.jpeg 768w, https:\/\/feuerwehr-nieder-bessingen.de\/wp-content\/uploads\/2026\/02\/WhatsApp-Image-2026-02-06-at-21.20.03-1-864x1536.jpeg 864w\" sizes=\"auto, (max-width: 1148px) 100vw, 1148px\" \/><\/figure>\n<\/div>\n<\/div>\n","protected":false},"excerpt":{"rendered":"<p>Zugf\u00fchrer Weitere Informationen Hauptl\u00f6schmeister Atemschutz \/ Zugf\u00fchrer Ausbildung \/ Lehrg\u00e4nge:<\/p>\n","protected":false},"author":1,"featured_media":0,"parent":30,"menu_order":0,"comment_status":"closed","ping_status":"closed","template":"","meta":{"_mc_calendar":[],"footnotes":""},"class_list":["post-218","page","type-page","status-publish","hentry"],"_links":{"self":[{"href":"https:\/\/feuerwehr-nieder-bessingen.de\/index.php?rest_route=\/wp\/v2\/pages\/218","targetHints":{"allow":["GET"]}}],"collection":[{"href":"https:\/\/feuerwehr-nieder-bessingen.de\/index.php?rest_route=\/wp\/v2\/pages"}],"about":[{"href":"https:\/\/feuerwehr-nieder-bessingen.de\/index.php?rest_route=\/wp\/v2\/types\/page"}],"author":[{"embeddable":true,"href":"https:\/\/feuerwehr-nieder-bessingen.de\/index.php?rest_route=\/wp\/v2\/users\/1"}],"replies":[{"embeddable":true,"href":"https:\/\/feuerwehr-nieder-bessingen.de\/index.php?rest_route=%2Fwp%2Fv2%2Fcomments&post=218"}],"version-history":[{"count":2,"href":"https:\/\/feuerwehr-nieder-bessingen.de\/index.php?rest_route=\/wp\/v2\/pages\/218\/revisions"}],"predecessor-version":[{"id":869,"href":"https:\/\/feuerwehr-nieder-bessingen.de\/index.php?rest_route=\/wp\/v2\/pages\/218\/revisions\/869"}],"up":[{"embeddable":true,"href":"https:\/\/feuerwehr-nieder-bessingen.de\/index.php?rest_route=\/wp\/v2\/pages\/30"}],"wp:attachment":[{"href":"https:\/\/feuerwehr-nieder-bessingen.de\/index.php?rest_route=%2Fwp%2Fv2%2Fmedia&parent=218"}],"curies":[{"name":"wp","href":"https:\/\/api.w.org\/{rel}","templated":true}]}}